{"id":806,"date":"2024-06-19T11:05:58","date_gmt":"2024-06-19T09:05:58","guid":{"rendered":"https:\/\/www.torronsvicensgirona.cat\/la-boutique\/"},"modified":"2024-09-15T12:02:52","modified_gmt":"2024-09-15T10:02:52","slug":"la-boutique","status":"publish","type":"page","link":"https:\/\/www.torronsvicensgirona.cat\/fr\/la-boutique\/","title":{"rendered":"La boutique"},"content":{"rendered":"<p>[et_pb_section fb_built=\u00a0\u00bb1&Prime; _builder_version=\u00a0\u00bb4.25.1&Prime; _module_preset=\u00a0\u00bbdefault\u00a0\u00bb custom_padding=\u00a0\u00bb||0px|||\u00a0\u00bb global_colors_info=\u00a0\u00bb{}\u00a0\u00bb][et_pb_row column_structure=\u00a0\u00bb2_3,1_3&Prime; _builder_version=\u00a0\u00bb4.25.1&Prime; _module_preset=\u00a0\u00bbdefault\u00a0\u00bb custom_padding=\u00a0\u00bb1rem||||false|false\u00a0\u00bb global_colors_info=\u00a0\u00bb{}\u00a0\u00bb][et_pb_column type=\u00a0\u00bb2_3&Prime; _builder_version=\u00a0\u00bb4.25.1&Prime; _module_preset=\u00a0\u00bbdefault\u00a0\u00bb global_colors_info=\u00a0\u00bb{}\u00a0\u00bb][et_pb_text _builder_version=\u00a0\u00bb4.27.0&Prime; _module_preset=\u00a0\u00bbdefault\u00a0\u00bb custom_margin=\u00a0\u00bb||22px|||\u00a0\u00bb global_colors_info=\u00a0\u00bb{}\u00a0\u00bb]<\/p>\n<h3>Notre boutique \u00e0 le<br \/><strong>vieux quartier de Girona<\/strong><\/h3>\n<p>[\/et_pb_text][et_pb_text _builder_version=\u00a0\u00bb4.27.0&Prime; _module_preset=\u00a0\u00bb9518cb53-0105-4b72-8305-3aa841d85972&Prime; custom_margin=\u00a0\u00bb||19px|||\u00a0\u00bb global_colors_info=\u00a0\u00bb{}\u00a0\u00bb]<\/p>\n<p><strong>Torrons Vicens Girona:<\/strong> Un espace de d\u00e9gustation tout proche des marches de la Cath\u00e9drale.<\/p>\n<p>[\/et_pb_text][et_pb_text _builder_version=\u00a0\u00bb4.27.0&Prime; _module_preset=\u00a0\u00bbdefault\u00a0\u00bb hover_enabled=\u00a0\u00bb0&Prime; global_colors_info=\u00a0\u00bb{}\u00a0\u00bb sticky_enabled=\u00a0\u00bb0&Prime;]<\/p>\n<p>En 2011, plus pr\u00e9cis\u00e9ment au mois de mai, Llu\u00eds et Nancy, deux commer\u00e7ants et entrepreneurs, d\u00e9marrent un nouveau projet, ils ouvrent un nouveau magasin, cette fois au milieu du vieux quartier de Girona, au 18 Carrer de la For\u00e7a. le projet avec la<strong> franchise Torrons Vicens<\/strong>, un produit catalan d&rsquo;Agramunt, l&rsquo;un des nougats les plus prestigieux de Catalogne. <\/p>\n<p>Ils voulaient faire conna\u00eetre ce produit \u00e0 tous les visiteurs qui, en plus de d\u00e9couvrir le vieux quartier de Girona, la Cath\u00e9drale et Call Jueu, d\u00e9gustaient cette friandise typique de No\u00ebl. Actuellement, gr\u00e2ce au travail de diffusion du nougat, ils ont r\u00e9ussi \u00e0 le faire voir \u00e0 tout le monde comme un dessert \u00e0 tout moment. <\/p>\n<p>En bons visionnaires, ils<strong> \u00e9largissent l&rsquo;offre du magasin avec diff\u00e9rentes propositions<\/strong> telles que des chocolats, des huiles, des vermouths et la r\u00e9cente proposition de vins et cavas de Catalogne et d&rsquo;Espagne, une s\u00e9lection rigoureuse de r\u00e9f\u00e9rences qui ne laissera indiff\u00e9rent personne qui visite le magasin.<\/p>\n<p>[\/et_pb_text][et_pb_text _builder_version=\u00a0\u00bb4.27.0&Prime; _module_preset=\u00a0\u00bb66267251-3306-45d7-be7c-6a843944cee8&Prime; text_font=\u00a0\u00bbStyle Script|700|||||||\u00a0\u00bb text_text_color=\u00a0\u00bb#4E0011&Prime; text_font_size=\u00a0\u00bb36px\u00a0\u00bb global_colors_info=\u00a0\u00bb{}\u00a0\u00bb]<\/p>\n<p>D\u00e9couvrez le Torrons Vicens Girona!<\/p>\n<p>[\/et_pb_text][\/et_pb_column][et_pb_column type=\u00a0\u00bb1_3&Prime; _builder_version=\u00a0\u00bb4.25.1&Prime; _module_preset=\u00a0\u00bbdefault\u00a0\u00bb global_colors_info=\u00a0\u00bb{}\u00a0\u00bb][et_pb_image src=\u00a0\u00bbhttps:\/\/www.torronsvicensgirona.cat\/wp-content\/uploads\/2024\/09\/Torrons-Vicens-Girona-Botiga-Barri-Vell-2024-048-Web-1024&#215;682.jpg\u00a0\u00bb title_text=\u00a0\u00bbTorrons Vicens Girona Boutique Barri Vell\u00a0\u00bb show_bottom_space=\u00a0\u00bboff\u00a0\u00bb _builder_version=\u00a0\u00bb4.27.0&Prime; _module_preset=\u00a0\u00bbdefault\u00a0\u00bb global_colors_info=\u00a0\u00bb{}\u00a0\u00bb][\/et_pb_image][et_pb_cta title=\u00a0\u00bbTorrons Vicens Girona\u00a0\u00bb button_url=\u00a0\u00bb@ET-DC@eyJkeW5hbWljIjp0cnVlLCJjb250ZW50IjoicG9zdF9saW5rX3VybF9wYWdlIiwic2V0dGluZ3MiOnsicG9zdF9pZCI6IjEzMiIsImVuYWJsZV9odG1sIjoib2ZmIn19@\u00a0\u00bb button_text=\u00a0\u00bbEmplacement\u00a0\u00bb _builder_version=\u00a0\u00bb4.27.0&Prime; _dynamic_attributes=\u00a0\u00bbbutton_url\u00a0\u00bb _module_preset=\u00a0\u00bbdefault\u00a0\u00bb custom_button=\u00a0\u00bbon\u00a0\u00bb button_border_width=\u00a0\u00bb2px\u00a0\u00bb button_border_color=\u00a0\u00bb#ffffff\u00a0\u00bb button_font=\u00a0\u00bb|700|||||||\u00a0\u00bb button_icon=\u00a0\u00bb&#xe01d;||divi||400&Prime; button_icon_placement=\u00a0\u00bbleft\u00a0\u00bb custom_margin=\u00a0\u00bb||0px||false|false\u00a0\u00bb global_colors_info=\u00a0\u00bb{%22gcid-6d6e1e99-4c54-4dc2-87c4-4be937d993f0%22:%91%22button_bg_color__hover%22%93}\u00a0\u00bb button_bg_color__hover=\u00a0\u00bb#143c5d\u00a0\u00bb button_border_color__hover_enabled=\u00a0\u00bbon|desktop\u00a0\u00bb button_border_color__hover=\u00a0\u00bb#FFFFFF\u00a0\u00bb]<\/p>\n<p><strong>Carrer de la For\u00e7a, 18<\/strong><br \/>17004 Girona<\/p>\n<p>[\/et_pb_cta][\/et_pb_column][\/et_pb_row][\/et_pb_section][et_pb_section fb_built=\u00a0\u00bb1&Prime; _builder_version=\u00a0\u00bb4.25.1&Prime; _module_preset=\u00a0\u00bbdefault\u00a0\u00bb global_colors_info=\u00a0\u00bb{}\u00a0\u00bb][et_pb_row column_structure=\u00a0\u00bb1_4,1_4,1_4,1_4&Prime; use_custom_gutter=\u00a0\u00bbon\u00a0\u00bb gutter_width=\u00a0\u00bb2&Prime; _builder_version=\u00a0\u00bb4.27.0&Prime; _module_preset=\u00a0\u00bbdefault\u00a0\u00bb global_colors_info=\u00a0\u00bb{}\u00a0\u00bb][et_pb_column type=\u00a0\u00bb1_4&Prime; _builder_version=\u00a0\u00bb4.25.1&Prime; _module_preset=\u00a0\u00bbdefault\u00a0\u00bb global_colors_info=\u00a0\u00bb{}\u00a0\u00bb][et_pb_image src=\u00a0\u00bbhttps:\/\/www.torronsvicensgirona.cat\/wp-content\/uploads\/2024\/09\/Torrons-Vicens-Girona-Botiga-Barri-Vell-2024-043-Web.jpg\u00a0\u00bb title_text=\u00a0\u00bbTorrons Vicens Girona Boutique Barri Vell\u00a0\u00bb show_in_lightbox=\u00a0\u00bbon\u00a0\u00bb _builder_version=\u00a0\u00bb4.27.0&Prime; _module_preset=\u00a0\u00bbdefault\u00a0\u00bb global_colors_info=\u00a0\u00bb{}\u00a0\u00bb][\/et_pb_image][et_pb_image src=\u00a0\u00bbhttps:\/\/www.torronsvicensgirona.cat\/wp-content\/uploads\/2024\/09\/Torrons-Vicens-Girona-Botiga-Barri-Vell-2024-006-Web.jpg\u00a0\u00bb title_text=\u00a0\u00bbTorrons Vicens Girona Boutique Barri Vell\u00a0\u00bb show_in_lightbox=\u00a0\u00bbon\u00a0\u00bb _builder_version=\u00a0\u00bb4.27.0&Prime; _module_preset=\u00a0\u00bbdefault\u00a0\u00bb global_colors_info=\u00a0\u00bb{}\u00a0\u00bb][\/et_pb_image][\/et_pb_column][et_pb_column type=\u00a0\u00bb1_4&Prime; _builder_version=\u00a0\u00bb4.25.1&Prime; _module_preset=\u00a0\u00bbdefault\u00a0\u00bb global_colors_info=\u00a0\u00bb{}\u00a0\u00bb][et_pb_image src=\u00a0\u00bbhttps:\/\/www.torronsvicensgirona.cat\/wp-content\/uploads\/2024\/09\/Torrons-Vicens-Girona-Botiga-Barri-Vell-2024-024-Web.jpg\u00a0\u00bb title_text=\u00a0\u00bbTorrons Vicens Girona Boutique Barri Vell\u00a0\u00bb show_in_lightbox=\u00a0\u00bbon\u00a0\u00bb _builder_version=\u00a0\u00bb4.27.0&Prime; _module_preset=\u00a0\u00bbdefault\u00a0\u00bb global_colors_info=\u00a0\u00bb{}\u00a0\u00bb][\/et_pb_image][\/et_pb_column][et_pb_column type=\u00a0\u00bb1_4&Prime; _builder_version=\u00a0\u00bb4.25.1&Prime; _module_preset=\u00a0\u00bbdefault\u00a0\u00bb global_colors_info=\u00a0\u00bb{}\u00a0\u00bb][et_pb_image src=\u00a0\u00bbhttps:\/\/www.torronsvicensgirona.cat\/wp-content\/uploads\/2024\/09\/Torrons-Vicens-Girona-Botiga-Barri-Vell-2024-017-Web.jpg\u00a0\u00bb title_text=\u00a0\u00bbTorrons Vicens Girona Boutique Barri Vell\u00a0\u00bb show_in_lightbox=\u00a0\u00bbon\u00a0\u00bb _builder_version=\u00a0\u00bb4.27.0&Prime; _module_preset=\u00a0\u00bbdefault\u00a0\u00bb global_colors_info=\u00a0\u00bb{}\u00a0\u00bb][\/et_pb_image][et_pb_image src=\u00a0\u00bbhttps:\/\/www.torronsvicensgirona.cat\/wp-content\/uploads\/2024\/09\/Torrons-Vicens-Girona-Botiga-Barri-Vell-2024-034-Web.jpg\u00a0\u00bb title_text=\u00a0\u00bbTorrons Vicens Girona Boutique Barri Vell\u00a0\u00bb show_in_lightbox=\u00a0\u00bbon\u00a0\u00bb _builder_version=\u00a0\u00bb4.27.0&Prime; _module_preset=\u00a0\u00bbdefault\u00a0\u00bb global_colors_info=\u00a0\u00bb{}\u00a0\u00bb][\/et_pb_image][\/et_pb_column][et_pb_column type=\u00a0\u00bb1_4&Prime; _builder_version=\u00a0\u00bb4.25.1&Prime; _module_preset=\u00a0\u00bbdefault\u00a0\u00bb global_colors_info=\u00a0\u00bb{}\u00a0\u00bb][et_pb_image src=\u00a0\u00bbhttps:\/\/www.torronsvicensgirona.cat\/wp-content\/uploads\/2024\/09\/Torrons-Vicens-Girona-Botiga-Barri-Vell-2024-011-Web.jpg\u00a0\u00bb title_text=\u00a0\u00bbTorrons Vicens Girona Boutique Barri Vell\u00a0\u00bb show_in_lightbox=\u00a0\u00bbon\u00a0\u00bb _builder_version=\u00a0\u00bb4.27.0&Prime; _module_preset=\u00a0\u00bbdefault\u00a0\u00bb global_colors_info=\u00a0\u00bb{}\u00a0\u00bb][\/et_pb_image][et_pb_image src=\u00a0\u00bbhttps:\/\/www.torronsvicensgirona.cat\/wp-content\/uploads\/2024\/09\/Torrons-Vicens-Girona-Botiga-Barri-Vell-2024-003-Web.jpg\u00a0\u00bb title_text=\u00a0\u00bbTorrons Vicens Girona Boutique Barri Vell\u00a0\u00bb show_in_lightbox=\u00a0\u00bbon\u00a0\u00bb _builder_version=\u00a0\u00bb4.27.0&Prime; _module_preset=\u00a0\u00bbdefault\u00a0\u00bb global_colors_info=\u00a0\u00bb{}\u00a0\u00bb][\/et_pb_image][\/et_pb_column][\/et_pb_row][\/et_pb_section][et_pb_section fb_built=\u00a0\u00bb1&Prime; _builder_version=\u00a0\u00bb4.27.0&Prime; _module_preset=\u00a0\u00bbdefault\u00a0\u00bb background_color=\u00a0\u00bbgcid-64c1610c-7fe0-4755-b69b-5af89f56935a\u00a0\u00bb custom_padding=\u00a0\u00bb0px||0px||true|false\u00a0\u00bb global_colors_info=\u00a0\u00bb{%22gcid-64c1610c-7fe0-4755-b69b-5af89f56935a%22:%91%22background_color%22%93}\u00a0\u00bb][et_pb_row _builder_version=\u00a0\u00bb4.27.0&Prime; _module_preset=\u00a0\u00bbdefault\u00a0\u00bb width=\u00a0\u00bb100%\u00a0\u00bb max_width=\u00a0\u00bb2500px\u00a0\u00bb global_colors_info=\u00a0\u00bb{}\u00a0\u00bb][et_pb_column type=\u00a0\u00bb4_4&Prime; _builder_version=\u00a0\u00bb4.27.0&Prime; _module_preset=\u00a0\u00bbdefault\u00a0\u00bb global_colors_info=\u00a0\u00bb{}\u00a0\u00bb][et_pb_image src=\u00a0\u00bbhttps:\/\/www.torronsvicensgirona.cat\/wp-content\/uploads\/2024\/09\/Torrons-Vicens-Girona-botiga-PANO-juliol-2024-Web-scaled.jpg\u00a0\u00bb title_text=\u00a0\u00bbTorrons Vicens Girona boutique pano\u00a0\u00bb _builder_version=\u00a0\u00bb4.27.0&Prime; _module_preset=\u00a0\u00bbdefault\u00a0\u00bb global_colors_info=\u00a0\u00bb{}\u00a0\u00bb][\/et_pb_image][\/et_pb_column][\/et_pb_row][\/et_pb_section]<\/p>\n","protected":false},"excerpt":{"rendered":"<p> En 2011, plus pr\u00e9cis\u00e9ment au mois de mai, Llu\u00eds et Nancy, deux commer\u00e7ants et entrepreneurs, d\u00e9marrent un nouveau projet, ils ouvrent un nouveau magasin, cette fois au milieu du vieux quartier de Girona, au 18 Carrer de la For\u00e7a. le projet avec la franchise Torrons Vicens, un produit catalan d&rsquo;Agramunt, l&rsquo;un des nougats les plus prestigieux de Catalogne. <\/p>\n","protected":false},"author":1,"featured_media":688,"parent":0,"menu_order":10,"comment_status":"closed","ping_status":"closed","template":"","meta":{"_et_pb_use_builder":"on","_et_pb_old_content":"","_et_gb_content_width":"","footnotes":""},"class_list":["post-806","page","type-page","status-publish","has-post-thumbnail","hentry"],"_links":{"self":[{"href":"https:\/\/www.torronsvicensgirona.cat\/fr\/wp-json\/wp\/v2\/pages\/806","targetHints":{"allow":["GET"]}}],"collection":[{"href":"https:\/\/www.torronsvicensgirona.cat\/fr\/wp-json\/wp\/v2\/pages"}],"about":[{"href":"https:\/\/www.torronsvicensgirona.cat\/fr\/wp-json\/wp\/v2\/types\/page"}],"author":[{"embeddable":true,"href":"https:\/\/www.torronsvicensgirona.cat\/fr\/wp-json\/wp\/v2\/users\/1"}],"replies":[{"embeddable":true,"href":"https:\/\/www.torronsvicensgirona.cat\/fr\/wp-json\/wp\/v2\/comments?post=806"}],"version-history":[{"count":2,"href":"https:\/\/www.torronsvicensgirona.cat\/fr\/wp-json\/wp\/v2\/pages\/806\/revisions"}],"predecessor-version":[{"id":808,"href":"https:\/\/www.torronsvicensgirona.cat\/fr\/wp-json\/wp\/v2\/pages\/806\/revisions\/808"}],"wp:featuredmedia":[{"embeddable":true,"href":"https:\/\/www.torronsvicensgirona.cat\/fr\/wp-json\/wp\/v2\/media\/688"}],"wp:attachment":[{"href":"https:\/\/www.torronsvicensgirona.cat\/fr\/wp-json\/wp\/v2\/media?parent=806"}],"curies":[{"name":"wp","href":"https:\/\/api.w.org\/{rel}","templated":true}]}}